{"id":95,"date":"2013-05-20T19:12:09","date_gmt":"2013-05-20T17:12:09","guid":{"rendered":"http:\/\/www.poznan.ptsr.org.pl\/?page_id=95"},"modified":"2025-05-20T08:40:53","modified_gmt":"2025-05-20T06:40:53","slug":"wladze","status":"publish","type":"page","link":"http:\/\/www.poznan.ptsr.org.pl\/?page_id=95","title":{"rendered":"W\u0142adze"},"content":{"rendered":"<p><strong>Rada G\u0142\u00f3wna Polskiego Towarzystwa Stwardnienia Rozsianego na lata 2022-2026 ukonstytuowana 23.01.2022<\/strong><\/p>\n<p>Tomasz Po\u0142e\u0107 RG PTSR &#8211; Przewodnicz\u0105cy RG<br \/>\nAgnieszka Andrzejczyk z Oddzia\u0142u Radom &#8211; Wiceprzewodnicz\u0105ca RG<br \/>\nKrzysztof Kaczmarek z Oddzia\u0142u Konin \u2013 Wiceprzewodnicz\u0105cy RG<br \/>\nAdam Kaduczka z Oddzia\u0142u Zawiercie &#8211; Sekretarz RG<br \/>\nDaniel Litwi\u0144ski z Oddzia\u0142u Pomorskiego &#8211; Skarbnik RG<br \/>\nKatarzyna Adamczyk-Dro\u017cy\u0144ska z Oddzia\u0142u S\u0142awk\u00f3w<br \/>\nKrystyna Podlasek z Oddzia\u0142u \u0141\u00f3d\u017a<br \/>\nAlina Machuderska z Oddzia\u0142u Warszawskiego<br \/>\nIzabela S\u0119kowska z Oddzia\u0142u Wielkopolska<\/p>\n<p><strong>Komisja Rewizyjna Stowarzyszenia na lata 2022-2026 ukonstytuowana 11.02.2023 r. na Nadzwyczajnym Walnym Zgromadzeniu Delegat\u00f3w Stowarzyszenia<\/strong><\/p>\n<p><strong>Miros\u0142aw Wilk<\/strong>\u00a0z Oddzia\u0142u Dolno\u015bl\u0105skiego &#8211; Przewodnicz\u0105cy Komisji (od 8.04.2025 r.)<br \/>\n<strong>Marek Kucu\u0142yma &#8211; Szalk<\/strong>\u00a0z Oddzia\u0142u Pomorskiego &#8211;\u00a0Cz\u0142onek Komisji\u00a0 (od 5.01.2024 r. do 8.04.2025 r. Przewodnicz\u0105cy KRS)<br \/>\n<strong>Edward M\u00f3rawski<\/strong>\u00a0z Oddzia\u0142u Sanok &#8211; Sekretarz Komisji<br \/>\n<strong>El\u017cbieta \u0141aszczewska<\/strong>\u00a0z Oddzia\u0142u \u0141\u00f3dzkiego &#8211; Wiceprzewodnicz\u0105ca od 8.04.2025,<br \/>\n<strong>Jan Wr\u00f3bel<\/strong>\u00a0z Oddzia\u0142u Warszawskiego &#8211; Cz\u0142onek Komisji (od 11.02.2023 r. do 5.01.2024 r. Przewodnicz\u0105cy KRS).<br \/>\n<strong>E-mail do Komisji Rewizyjnej Stowarzyszenia<\/strong>:<a href=\"mailto:komisja.rewizyjna@ptsr.org.pl\">komisja.rewizyjna@ptsr.org.pl<\/a><\/p>\n<p>Kontakt do w\u0142adz PTSR z siedzib\u0105 w Warszawie : <a href=\"mailto:biuro@ptsr.org.pl\">biuro@ptsr.org.pl<\/a><\/p>\n","protected":false},"excerpt":{"rendered":"<p>Rada G\u0142\u00f3wna Polskiego Towarzystwa Stwardnienia Rozsianego na lata 2022-2026 ukonstytuowana 23.01.2022 Tomasz Po\u0142e\u0107 RG PTSR &#8211; Przewodnicz\u0105cy RG Agnieszka Andrzejczyk z Oddzia\u0142u Radom &#8211; Wiceprzewodnicz\u0105ca RG Krzysztof Kaczmarek z Oddzia\u0142u Konin \u2013 Wiceprzewodnicz\u0105cy RG Adam Kaduczka z Oddzia\u0142u Zawiercie &#8211; Sekretarz RG Daniel Litwi\u0144ski z Oddzia\u0142u Pomorskiego &#8211; Skarbnik RG Katarzyna Adamczyk-Dro\u017cy\u0144ska z Oddzia\u0142u S\u0142awk\u00f3w [&hellip;]<\/p>\n","protected":false},"author":1,"featured_media":0,"parent":9,"menu_order":0,"comment_status":"open","ping_status":"open","template":"","meta":[],"_links":{"self":[{"href":"http:\/\/www.poznan.ptsr.org.pl\/index.php?rest_route=\/wp\/v2\/pages\/95"}],"collection":[{"href":"http:\/\/www.poznan.ptsr.org.pl\/index.php?rest_route=\/wp\/v2\/pages"}],"about":[{"href":"http:\/\/www.poznan.ptsr.org.pl\/index.php?rest_route=\/wp\/v2\/types\/page"}],"author":[{"embeddable":true,"href":"http:\/\/www.poznan.ptsr.org.pl\/index.php?rest_route=\/wp\/v2\/users\/1"}],"replies":[{"embeddable":true,"href":"http:\/\/www.poznan.ptsr.org.pl\/index.php?rest_route=%2Fwp%2Fv2%2Fcomments&post=95"}],"version-history":[{"count":6,"href":"http:\/\/www.poznan.ptsr.org.pl\/index.php?rest_route=\/wp\/v2\/pages\/95\/revisions"}],"predecessor-version":[{"id":5117,"href":"http:\/\/www.poznan.ptsr.org.pl\/index.php?rest_route=\/wp\/v2\/pages\/95\/revisions\/5117"}],"up":[{"embeddable":true,"href":"http:\/\/www.poznan.ptsr.org.pl\/index.php?rest_route=\/wp\/v2\/pages\/9"}],"wp:attachment":[{"href":"http:\/\/www.poznan.ptsr.org.pl\/index.php?rest_route=%2Fwp%2Fv2%2Fmedia&parent=95"}],"curies":[{"name":"wp","href":"https:\/\/api.w.org\/{rel}","templated":true}]}}