{"id":79,"date":"2013-05-20T18:58:46","date_gmt":"2013-05-20T16:58:46","guid":{"rendered":"http:\/\/www.poznan.ptsr.org.pl\/?page_id=79"},"modified":"2024-12-17T16:46:42","modified_gmt":"2024-12-17T15:46:42","slug":"wolontariat","status":"publish","type":"page","link":"http:\/\/www.poznan.ptsr.org.pl\/?page_id=79","title":{"rendered":"Zosta\u0144 wolontariuszem"},"content":{"rendered":"<p><b>ZOSTA\u0143 NASZYM WOLONTARIUSZEM<\/b><\/p>\n<p><b>Nasi wolontariusze:<\/b><\/p>\n<p>&#8211; pomagaj\u0105 nam planowaniu i organizacji prowadzonych przez nas akcji,<\/p>\n<p>&#8211; wspieraj\u0105 nas w prowadzeniu biura i za\u0142atwianiu spraw formalnych,<\/p>\n<p>&#8211; odwiedzaj\u0105 osoby, kt\u00f3re ze wzgl\u0119du na stan zdrowia nie mog\u0105 wychodzi\u0107 z domu,<\/p>\n<p>&#8211; uczestnicz\u0105 w naszych spotkaniach grup wsparcia,<\/p>\n<p>&#8211; mog\u0105 uczestniczy\u0107 we wszystkich obszarach \u017cycia Stowarzyszenia, je\u015bli tylko chc\u0105.<\/p>\n<p><b>Wolontariat u nas:<\/b><\/p>\n<ul>\n<li>zapewnia mo\u017cliwo\u015b\u0107 uczestniczenia w ciekawych projektach,<\/li>\n<li>umo\u017cliwia zdobycie konkretnego do\u015bwiadczenia zawodowego w r\u00f3\u017cnych obszarach (psychologia, pedagogika, marketing, promocja, PR oraz inne),<\/li>\n<li>umo\u017cliwia zdobycie cennych pisemnych referencji z opisem wykonywanych zada\u0144,<\/li>\n<li>umo\u017cliwia poznanie r\u00f3\u017cnych ludzi i nawi\u0105zanie ciekawych przyja\u017ani,<\/li>\n<li>daje satysfakcj\u0119 z robienia rzeczy, kt\u00f3re s\u0105 bardzo potrzebne innym ludziom.<\/li>\n<\/ul>\n<p>Je\u015bli chcesz do\u0142\u0105czy\u0107 do grona Naszych wolontariuszy, skontaktuj si\u0119 z nami mailowo: <b><span style=\"text-decoration: underline;\"><a href=\"mailto:poznan@ptsr.org.pl\">poznan@ptsr.org.pl<\/a> <\/span><\/b>lub telefonicznie pod numerem: <b><span style=\"text-decoration: underline;\">61 881 97 35<\/span><\/b><\/p>\n","protected":false},"excerpt":{"rendered":"<p>ZOSTA\u0143 NASZYM WOLONTARIUSZEM Nasi wolontariusze: &#8211; pomagaj\u0105 nam planowaniu i organizacji prowadzonych przez nas akcji, &#8211; wspieraj\u0105 nas w prowadzeniu biura i za\u0142atwianiu spraw formalnych, &#8211; odwiedzaj\u0105 osoby, kt\u00f3re ze wzgl\u0119du na stan zdrowia nie mog\u0105 wychodzi\u0107 z domu, &#8211; uczestnicz\u0105 w naszych spotkaniach grup wsparcia, &#8211; mog\u0105 uczestniczy\u0107 we wszystkich obszarach \u017cycia Stowarzyszenia, je\u015bli [&hellip;]<\/p>\n","protected":false},"author":1,"featured_media":0,"parent":8,"menu_order":0,"comment_status":"open","ping_status":"open","template":"","meta":[],"_links":{"self":[{"href":"http:\/\/www.poznan.ptsr.org.pl\/index.php?rest_route=\/wp\/v2\/pages\/79"}],"collection":[{"href":"http:\/\/www.poznan.ptsr.org.pl\/index.php?rest_route=\/wp\/v2\/pages"}],"about":[{"href":"http:\/\/www.poznan.ptsr.org.pl\/index.php?rest_route=\/wp\/v2\/types\/page"}],"author":[{"embeddable":true,"href":"http:\/\/www.poznan.ptsr.org.pl\/index.php?rest_route=\/wp\/v2\/users\/1"}],"replies":[{"embeddable":true,"href":"http:\/\/www.poznan.ptsr.org.pl\/index.php?rest_route=%2Fwp%2Fv2%2Fcomments&post=79"}],"version-history":[{"count":4,"href":"http:\/\/www.poznan.ptsr.org.pl\/index.php?rest_route=\/wp\/v2\/pages\/79\/revisions"}],"predecessor-version":[{"id":5026,"href":"http:\/\/www.poznan.ptsr.org.pl\/index.php?rest_route=\/wp\/v2\/pages\/79\/revisions\/5026"}],"up":[{"embeddable":true,"href":"http:\/\/www.poznan.ptsr.org.pl\/index.php?rest_route=\/wp\/v2\/pages\/8"}],"wp:attachment":[{"href":"http:\/\/www.poznan.ptsr.org.pl\/index.php?rest_route=%2Fwp%2Fv2%2Fmedia&parent=79"}],"curies":[{"name":"wp","href":"https:\/\/api.w.org\/{rel}","templated":true}]}}