{"id":74,"date":"2013-05-20T18:54:26","date_gmt":"2013-05-20T16:54:26","guid":{"rendered":"http:\/\/www.poznan.ptsr.org.pl\/?page_id=74"},"modified":"2020-01-11T22:26:20","modified_gmt":"2020-01-11T21:26:20","slug":"inne-formy-pomocy","status":"publish","type":"page","link":"http:\/\/www.poznan.ptsr.org.pl\/?page_id=74","title":{"rendered":"Inne formy pomocy"},"content":{"rendered":"<p><b>JESTE\u015aMY OTWARCI NA WSZELKIE FORMY POMOCY<\/b><\/p>\n<p>Je\u015bli chcesz nam pom\u00f3c poprzez przekazanie dar\u00f3w rzeczowych (sprz\u0119tu rehabilitacyjnego, lek\u00f3w, materia\u0142\u00f3w biurowych itp.), prosimy o kontakt mailowy <b><a href=\"mailto:poznan@ptsr.org.pl\">poznan@ptsr.org.pl<\/a><\/b> \u00a0lub telefoniczny pod numerem: <b><span style=\"text-decoration: underline;\">725 472 833<\/span><\/b><\/p>\n<p><b>Aktualnie szukamy tak\u017ce sta\u0142ych <\/b><b>SPONSOR\u00d3W,<\/b><b> kt\u00f3rzy b\u0119d\u0105 mogli systematycznie wspiera\u0107 finansowo funkcjonowanie naszego biura. <\/b><\/p>\n<p align=\"center\"><b>KA\u017bDA POMOC JEST DLA NAS WA\u017bNA I CENNA.<\/b><\/p>\n<p align=\"center\"><b>ZA KA\u017bD\u0104 POMOC Z CA\u0141EGO SERCA DZI\u0118KUJEMY!<\/b><\/p>\n","protected":false},"excerpt":{"rendered":"<p>JESTE\u015aMY OTWARCI NA WSZELKIE FORMY POMOCY Je\u015bli chcesz nam pom\u00f3c poprzez przekazanie dar\u00f3w rzeczowych (sprz\u0119tu rehabilitacyjnego, lek\u00f3w, materia\u0142\u00f3w biurowych itp.), prosimy o kontakt mailowy poznan@ptsr.org.pl \u00a0lub telefoniczny pod numerem: 725 472 833 Aktualnie szukamy tak\u017ce sta\u0142ych SPONSOR\u00d3W, kt\u00f3rzy b\u0119d\u0105 mogli systematycznie wspiera\u0107 finansowo funkcjonowanie naszego biura. KA\u017bDA POMOC JEST DLA NAS WA\u017bNA I CENNA. ZA [&hellip;]<\/p>\n","protected":false},"author":1,"featured_media":0,"parent":8,"menu_order":0,"comment_status":"open","ping_status":"open","template":"","meta":[],"_links":{"self":[{"href":"http:\/\/www.poznan.ptsr.org.pl\/index.php?rest_route=\/wp\/v2\/pages\/74"}],"collection":[{"href":"http:\/\/www.poznan.ptsr.org.pl\/index.php?rest_route=\/wp\/v2\/pages"}],"about":[{"href":"http:\/\/www.poznan.ptsr.org.pl\/index.php?rest_route=\/wp\/v2\/types\/page"}],"author":[{"embeddable":true,"href":"http:\/\/www.poznan.ptsr.org.pl\/index.php?rest_route=\/wp\/v2\/users\/1"}],"replies":[{"embeddable":true,"href":"http:\/\/www.poznan.ptsr.org.pl\/index.php?rest_route=%2Fwp%2Fv2%2Fcomments&post=74"}],"version-history":[{"count":2,"href":"http:\/\/www.poznan.ptsr.org.pl\/index.php?rest_route=\/wp\/v2\/pages\/74\/revisions"}],"predecessor-version":[{"id":2889,"href":"http:\/\/www.poznan.ptsr.org.pl\/index.php?rest_route=\/wp\/v2\/pages\/74\/revisions\/2889"}],"up":[{"embeddable":true,"href":"http:\/\/www.poznan.ptsr.org.pl\/index.php?rest_route=\/wp\/v2\/pages\/8"}],"wp:attachment":[{"href":"http:\/\/www.poznan.ptsr.org.pl\/index.php?rest_route=%2Fwp%2Fv2%2Fmedia&parent=74"}],"curies":[{"name":"wp","href":"https:\/\/api.w.org\/{rel}","templated":true}]}}