{"id":70,"date":"2013-05-20T18:51:47","date_gmt":"2013-05-20T16:51:47","guid":{"rendered":"http:\/\/www.poznan.ptsr.org.pl\/?page_id=70"},"modified":"2025-02-25T10:53:27","modified_gmt":"2025-02-25T09:53:27","slug":"darowizny","status":"publish","type":"page","link":"http:\/\/www.poznan.ptsr.org.pl\/?page_id=70","title":{"rendered":"Przeka\u017c darowizn\u0119"},"content":{"rendered":"<p><b>PRZEKA\u017b DAROWIZN\u0118 BEZPO\u015aREDNIO NA NASZE KONTO<\/b><\/p>\n<p>Je\u015bli chcesz wesprze\u0107 nas finansowo, mo\u017cesz tak\u017ce wp\u0142aci\u0107 dowoln\u0105 kwot\u0119 na konto naszego Stowarzyszenia:<\/p>\n<p><b>Nr konta dla PTSR O\/W:<\/b>\u00a0<strong>m<\/strong><b>Bank S.A 34 1140 1124 0000 2706 6500 1001<\/b><\/p>\n<p><b>Nr konta dla posiadaczy subkont: <strong>m<\/strong>Bank S.A 12 1140 1124\u00a0 0000 2706 6500 1009.<\/b><\/p>\n<p><b>Ka\u017cda z\u0142ot\u00f3wka jest dla nas na wag\u0119 z\u0142ota, poniewa\u017c pozwala nam dzia\u0142a\u0107:<\/b><\/p>\n<p>&#8211; odwiedzamy i wspieramy naszych cz\u0142onk\u00f3w, kt\u00f3rzy z powodu choroby nie mog\u0105 ju\u017c samodzielnie uczestniczy\u0107 w \u017cyciu spo\u0142ecznym;<\/p>\n<p>&#8211; organizujemy imprezy i wyjazdy dla chorych maj\u0105ce na celu rehabilitacj\u0119 spo\u0142eczn\u0105 oraz wzmacnianie wiary we w\u0142asne mo\u017cliwo\u015bci;<\/p>\n<p>&#8211; realizujemy projekty, kt\u00f3re maj\u0105 informowa\u0107 i zwi\u0119ksza\u0107 \u015bwiadomo\u015b\u0107 spo\u0142eczna dotycz\u0105ca stwardnienia rozsianego i sytuacji os\u00f3b borykaj\u0105cych si\u0119 z t\u0105 chorob\u0105.<\/p>\n","protected":false},"excerpt":{"rendered":"<p>PRZEKA\u017b DAROWIZN\u0118 BEZPO\u015aREDNIO NA NASZE KONTO Je\u015bli chcesz wesprze\u0107 nas finansowo, mo\u017cesz tak\u017ce wp\u0142aci\u0107 dowoln\u0105 kwot\u0119 na konto naszego Stowarzyszenia: Nr konta dla PTSR O\/W:\u00a0mBank S.A 34 1140 1124 0000 2706 6500 1001 Nr konta dla posiadaczy subkont: mBank S.A 12 1140 1124\u00a0 0000 2706 6500 1009. Ka\u017cda z\u0142ot\u00f3wka jest dla nas na wag\u0119 z\u0142ota, [&hellip;]<\/p>\n","protected":false},"author":1,"featured_media":0,"parent":8,"menu_order":0,"comment_status":"open","ping_status":"open","template":"","meta":[],"_links":{"self":[{"href":"http:\/\/www.poznan.ptsr.org.pl\/index.php?rest_route=\/wp\/v2\/pages\/70"}],"collection":[{"href":"http:\/\/www.poznan.ptsr.org.pl\/index.php?rest_route=\/wp\/v2\/pages"}],"about":[{"href":"http:\/\/www.poznan.ptsr.org.pl\/index.php?rest_route=\/wp\/v2\/types\/page"}],"author":[{"embeddable":true,"href":"http:\/\/www.poznan.ptsr.org.pl\/index.php?rest_route=\/wp\/v2\/users\/1"}],"replies":[{"embeddable":true,"href":"http:\/\/www.poznan.ptsr.org.pl\/index.php?rest_route=%2Fwp%2Fv2%2Fcomments&post=70"}],"version-history":[{"count":13,"href":"http:\/\/www.poznan.ptsr.org.pl\/index.php?rest_route=\/wp\/v2\/pages\/70\/revisions"}],"predecessor-version":[{"id":5090,"href":"http:\/\/www.poznan.ptsr.org.pl\/index.php?rest_route=\/wp\/v2\/pages\/70\/revisions\/5090"}],"up":[{"embeddable":true,"href":"http:\/\/www.poznan.ptsr.org.pl\/index.php?rest_route=\/wp\/v2\/pages\/8"}],"wp:attachment":[{"href":"http:\/\/www.poznan.ptsr.org.pl\/index.php?rest_route=%2Fwp%2Fv2%2Fmedia&parent=70"}],"curies":[{"name":"wp","href":"https:\/\/api.w.org\/{rel}","templated":true}]}}