{"id":7,"date":"2013-05-20T17:52:27","date_gmt":"2013-05-20T15:52:27","guid":{"rendered":"http:\/\/www.poznan.ptsr.org.pl\/?page_id=7"},"modified":"2025-02-24T14:00:37","modified_gmt":"2025-02-24T13:00:37","slug":"jak-pomagamy","status":"publish","type":"page","link":"http:\/\/www.poznan.ptsr.org.pl\/?page_id=7","title":{"rendered":"Jak pomagamy?"},"content":{"rendered":"\n<p>Od wielu lat staramy si\u0119 pozyskiwa\u0107 fundusze na realizacje projekt\u00f3w. Dzi\u0119ki temu mamy mo\u017cliwo\u015b\u0107 oferowa\u0107 naszym cz\u0142onkom wsparcie w postaci rehabilitacji grupowej , domowej , wsparcie psychologa, terapii biofeedback, oraz pomocy ze strony asystenta<\/p>\n","protected":false},"excerpt":{"rendered":"<p>Od wielu lat staramy si\u0119 pozyskiwa\u0107 fundusze na realizacje projekt\u00f3w. Dzi\u0119ki temu mamy mo\u017cliwo\u015b\u0107 oferowa\u0107 naszym cz\u0142onkom wsparcie w postaci rehabilitacji grupowej , domowej , wsparcie psychologa, terapii biofeedback, oraz pomocy ze strony asystenta<\/p>\n","protected":false},"author":1,"featured_media":0,"parent":0,"menu_order":12,"comment_status":"open","ping_status":"open","template":"","meta":[],"_links":{"self":[{"href":"http:\/\/www.poznan.ptsr.org.pl\/index.php?rest_route=\/wp\/v2\/pages\/7"}],"collection":[{"href":"http:\/\/www.poznan.ptsr.org.pl\/index.php?rest_route=\/wp\/v2\/pages"}],"about":[{"href":"http:\/\/www.poznan.ptsr.org.pl\/index.php?rest_route=\/wp\/v2\/types\/page"}],"author":[{"embeddable":true,"href":"http:\/\/www.poznan.ptsr.org.pl\/index.php?rest_route=\/wp\/v2\/users\/1"}],"replies":[{"embeddable":true,"href":"http:\/\/www.poznan.ptsr.org.pl\/index.php?rest_route=%2Fwp%2Fv2%2Fcomments&post=7"}],"version-history":[{"count":4,"href":"http:\/\/www.poznan.ptsr.org.pl\/index.php?rest_route=\/wp\/v2\/pages\/7\/revisions"}],"predecessor-version":[{"id":5068,"href":"http:\/\/www.poznan.ptsr.org.pl\/index.php?rest_route=\/wp\/v2\/pages\/7\/revisions\/5068"}],"wp:attachment":[{"href":"http:\/\/www.poznan.ptsr.org.pl\/index.php?rest_route=%2Fwp%2Fv2%2Fmedia&parent=7"}],"curies":[{"name":"wp","href":"https:\/\/api.w.org\/{rel}","templated":true}]}}