{"id":67,"date":"2013-05-20T18:50:06","date_gmt":"2013-05-20T16:50:06","guid":{"rendered":"http:\/\/www.poznan.ptsr.org.pl\/?page_id=67"},"modified":"2025-02-25T10:02:09","modified_gmt":"2025-02-25T09:02:09","slug":"15-podatku","status":"publish","type":"page","link":"http:\/\/www.poznan.ptsr.org.pl\/?page_id=67","title":{"rendered":"1,5% podatku dla PTSR"},"content":{"rendered":"<p><b>PRZEKA\u017b 1,5% SWOJEGO PODATKU NA RZECZ POZNA\u0143SKIEGO ODDZIA\u0141U PTSR<\/b><\/p>\n<p>Dla Ciebie to prosta forma pomocy, kt\u00f3ra nic nie kosztuje. Dla nas fundusze zebrane z 1,5% podatku to nieoceniona pomoc w sprawnym funkcjonowaniu naszego Stowarzyszenia. Dzi\u0119ki temu mo\u017cemy stale rozszerza\u0107 ofert\u0119 wsparcia dla naszych cz\u0142onk\u00f3w.<\/p>\n<p align=\"center\"><b>JAK PRZEKAZA\u0106 1,5% PODATKU?<\/b><\/p>\n<ul>\n<li>w rocznym zeznaniu podatkowym w rubryce zatytu\u0142owanej \u201eWniosek o przekazanie 1,5% podatku nale\u017cnego na rzecz organizacji po\u017cytku publicznego (OPP) wpisz:<\/li>\n<\/ul>\n<p align=\"center\"><b>Polskie Towarzystwo Stwardnienia Rozsianego &#8211;<br \/>\nOddzia\u0142 Wielkopolska&nbsp; KRS 0000137276<\/b><\/p>\n<ul>\n<li>wpisz kwot\u0119, kt\u00f3ra stanowi 1,5% Twojego podatku<\/li>\n<li>z\u0142\u00f3\u017c zeznanie podatkowe do odpowiedniego Urz\u0119du Skarbowego oraz zap\u0142a\u0107 sw\u00f3j podatek w terminie<\/li>\n<\/ul>\n<p align=\"center\"><b>Za ka\u017cdy 1,5% podatku \u2013 z ca\u0142ego serca DZI\u0118KUJEMY<\/b><\/p>\n<p style=\"background: white; margin: 3.6pt 0cm 12.0pt 0cm;\">\n<p style=\"background: white;\"><span style=\"color: #1d2129;\">DZI\u0118KUJEMY !<\/span><\/p>\n<p style=\"background: white;\"><span style=\"color: #1d2129;\">POLSKIE TOWARZYSTWO STWARDNIENIA ROZSIANEGO &#8211; ODDZIA\u0141 WIELKOPOLSKA<\/span><\/p>\n","protected":false},"excerpt":{"rendered":"<p>PRZEKA\u017b 1,5% SWOJEGO PODATKU NA RZECZ POZNA\u0143SKIEGO ODDZIA\u0141U PTSR Dla Ciebie to prosta forma pomocy, kt\u00f3ra nic nie kosztuje. Dla nas fundusze zebrane z 1,5% podatku to nieoceniona pomoc w sprawnym funkcjonowaniu naszego Stowarzyszenia. Dzi\u0119ki temu mo\u017cemy stale rozszerza\u0107 ofert\u0119 wsparcia dla naszych cz\u0142onk\u00f3w. JAK PRZEKAZA\u0106 1,5% PODATKU? w rocznym zeznaniu podatkowym w rubryce zatytu\u0142owanej [&hellip;]<\/p>\n","protected":false},"author":1,"featured_media":0,"parent":8,"menu_order":0,"comment_status":"open","ping_status":"closed","template":"","meta":[],"_links":{"self":[{"href":"http:\/\/www.poznan.ptsr.org.pl\/index.php?rest_route=\/wp\/v2\/pages\/67"}],"collection":[{"href":"http:\/\/www.poznan.ptsr.org.pl\/index.php?rest_route=\/wp\/v2\/pages"}],"about":[{"href":"http:\/\/www.poznan.ptsr.org.pl\/index.php?rest_route=\/wp\/v2\/types\/page"}],"author":[{"embeddable":true,"href":"http:\/\/www.poznan.ptsr.org.pl\/index.php?rest_route=\/wp\/v2\/users\/1"}],"replies":[{"embeddable":true,"href":"http:\/\/www.poznan.ptsr.org.pl\/index.php?rest_route=%2Fwp%2Fv2%2Fcomments&post=67"}],"version-history":[{"count":12,"href":"http:\/\/www.poznan.ptsr.org.pl\/index.php?rest_route=\/wp\/v2\/pages\/67\/revisions"}],"predecessor-version":[{"id":5076,"href":"http:\/\/www.poznan.ptsr.org.pl\/index.php?rest_route=\/wp\/v2\/pages\/67\/revisions\/5076"}],"up":[{"embeddable":true,"href":"http:\/\/www.poznan.ptsr.org.pl\/index.php?rest_route=\/wp\/v2\/pages\/8"}],"wp:attachment":[{"href":"http:\/\/www.poznan.ptsr.org.pl\/index.php?rest_route=%2Fwp%2Fv2%2Fmedia&parent=67"}],"curies":[{"name":"wp","href":"https:\/\/api.w.org\/{rel}","templated":true}]}}