{"id":52,"date":"2013-05-20T18:31:31","date_gmt":"2013-05-20T16:31:31","guid":{"rendered":"http:\/\/www.poznan.ptsr.org.pl\/?page_id=52"},"modified":"2020-03-26T17:24:04","modified_gmt":"2020-03-26T16:24:04","slug":"asystent","status":"publish","type":"page","link":"http:\/\/www.poznan.ptsr.org.pl\/?page_id=52","title":{"rendered":"Asystent"},"content":{"rendered":"<p><b>Kim jest Asystent Osoby Niepe\u0142nosprawnej ?<\/b><\/p>\n<p>Wszyscy wiedz\u0105, na czym polega rola przewodnika osoby niewidomej, kim jest t\u0142umacz j\u0119zyka migowego dla osoby nies\u0142ysz\u0105cej. Takim kim\u015b dla osoby niepe\u0142nosprawnej ruchowo \u2013 jest Asystent.<\/p>\n<p>Praca Asystenta polega na pomocy osobom maj\u0105cym niesprawne r\u0119ce czy nogi w r\u00f3\u017cnorakich czynno\u015bciach dnia codziennego, kt\u00f3rych nie s\u0105 w stanie wykona\u0107 sami. Cz\u0119sto jest to tylko asekuracja daj\u0105ca poczucie bezpiecze\u0144stwa i odwag\u0119 do samodzielnego wykonania danej czynno\u015bci. Najbardziej pomoc Asystenta doceniaj\u0105 chorzy mieszkaj\u0105cy samotnie, ale nie tylko. Asystent stanowi doskona\u0142\u0105 alternatyw\u0119 dla opiekuna, cz\u0142onka rodziny, dla kt\u00f3rego rzecz\u0105 naturaln\u0105 jest potrzeba cho\u0107by kilku godzin zwolnienia z obowi\u0105zku opieki nad, nawet najukocha\u0144szym, lecz przewlekle niesprawnym cz\u0142onkiem rodziny.<\/p>\n<p>Takie kilka godzin odci\u0105\u017cenia &#8211; to czas podarowany opiekunowi przez Asystenta. Czas ulgi, wytchnienia a tak\u017ce mo\u017cliwo\u015b\u0107 za\u0142atwienia swoich z konieczno\u015bci odk\u0142adanych spraw. Poproszony przyniesie i wype\u0142ni druki, za\u0142atwi lub potowarzyszy w za\u0142atwianiu spraw urz\u0119dowych, czy te\u017c w zakupach, dokona terminowej p\u0142atno\u015bci, podejmie w banku pieni\u0105dze. Ale r\u00f3wnie\u017c mo\u017ce tylko porozmawia\u0107, wys\u0142ucha\u0107 , wyja\u015bni\u0107, doradzi\u0107, rozwia\u0107 niepewno\u015bci. Pomo\u017ce wyj\u015b\u0107 z domu, b\u0119dzie towarzyszy\u0107 np. na spacerze, zebraniu, w kinie czy w teatrze.<\/p>\n<p>S\u0142owem &#8211; Asystent ma wyprowadzi\u0107 osob\u0119 niepe\u0142nosprawn\u0105 z czterech \u015bcian mieszkania. Ma da\u0107 mo\u017cliwo\u015b\u0107 w\u0142\u0105czenia chorych w rytm \u017cycia codziennego zar\u00f3wno samotnym jak i posiadaj\u0105cych rodzin\u0119. W wielu sytuacjach &#8211; niesprawno\u015b\u0107 potrafi zamieni\u0107 w sprawno\u015b\u0107 dzia\u0142ania , czyli da\u0107 poczucie bycia samodzielnym i niezale\u017cnym cz\u0142owiekiem.<\/p>\n<p>Asystent do cz\u0142onk\u00f3w Towarzystwa przychodzi <strong>nieodp\u0142atnie.<\/strong><\/p>\n<p>Nie wyklucza i nie zast\u0119puje pomocy medycznej. Dla piel\u0119gniarki, \u015brodowiskowej, opiekunki pomocy spo\u0142ecznej czy rehabilitanta &#8211; jest pomoc\u0105 dodatkow\u0105<\/p>\n<p>Zainteresowanych z terenu Poznania prosimy o kontakt z koordynatorem odpowiedniego Projektu.<\/p>\n","protected":false},"excerpt":{"rendered":"<p>Kim jest Asystent Osoby Niepe\u0142nosprawnej ? Wszyscy wiedz\u0105, na czym polega rola przewodnika osoby niewidomej, kim jest t\u0142umacz j\u0119zyka migowego dla osoby nies\u0142ysz\u0105cej. Takim kim\u015b dla osoby niepe\u0142nosprawnej ruchowo \u2013 jest Asystent. Praca Asystenta polega na pomocy osobom maj\u0105cym niesprawne r\u0119ce czy nogi w r\u00f3\u017cnorakich czynno\u015bciach dnia codziennego, kt\u00f3rych nie s\u0105 w stanie wykona\u0107 sami. [&hellip;]<\/p>\n","protected":false},"author":1,"featured_media":0,"parent":7,"menu_order":0,"comment_status":"open","ping_status":"closed","template":"","meta":[],"_links":{"self":[{"href":"http:\/\/www.poznan.ptsr.org.pl\/index.php?rest_route=\/wp\/v2\/pages\/52"}],"collection":[{"href":"http:\/\/www.poznan.ptsr.org.pl\/index.php?rest_route=\/wp\/v2\/pages"}],"about":[{"href":"http:\/\/www.poznan.ptsr.org.pl\/index.php?rest_route=\/wp\/v2\/types\/page"}],"author":[{"embeddable":true,"href":"http:\/\/www.poznan.ptsr.org.pl\/index.php?rest_route=\/wp\/v2\/users\/1"}],"replies":[{"embeddable":true,"href":"http:\/\/www.poznan.ptsr.org.pl\/index.php?rest_route=%2Fwp%2Fv2%2Fcomments&post=52"}],"version-history":[{"count":8,"href":"http:\/\/www.poznan.ptsr.org.pl\/index.php?rest_route=\/wp\/v2\/pages\/52\/revisions"}],"predecessor-version":[{"id":2883,"href":"http:\/\/www.poznan.ptsr.org.pl\/index.php?rest_route=\/wp\/v2\/pages\/52\/revisions\/2883"}],"up":[{"embeddable":true,"href":"http:\/\/www.poznan.ptsr.org.pl\/index.php?rest_route=\/wp\/v2\/pages\/7"}],"wp:attachment":[{"href":"http:\/\/www.poznan.ptsr.org.pl\/index.php?rest_route=%2Fwp%2Fv2%2Fmedia&parent=52"}],"curies":[{"name":"wp","href":"https:\/\/api.w.org\/{rel}","templated":true}]}}