{"id":46,"date":"2013-05-20T18:28:45","date_gmt":"2013-05-20T16:28:45","guid":{"rendered":"http:\/\/www.poznan.ptsr.org.pl\/?page_id=46"},"modified":"2025-02-25T10:49:58","modified_gmt":"2025-02-25T09:49:58","slug":"formularze","status":"publish","type":"page","link":"http:\/\/www.poznan.ptsr.org.pl\/?page_id=46","title":{"rendered":"Inne formularze"},"content":{"rendered":"<p>Formularze potrzebne do rozliczenia przejazdu samochodem w ramach subkonta w\u00a0 Programie &#8222;Mam Szans\u0119&#8221;(PLiR) Dokument Ewidencja przebiegu pojazdu jest ju\u017c aktualna. Od 17.01.2023 r. zmieni\u0142y si\u0119 przepisy (zwi\u0119kszono stawki) &#8211; https:\/\/ksiegowosc.infor.pl\/wiadomosci\/5592537,kilometrowka-2023-wyzsze-stawki-za-1-kilometr-przebiegu-pojazdu-od-17-stycznia.html<\/p>\n<p>Porozumienie dotycz\u0105ce u\u017cytkowania samochodu przez osoby posiadaj\u0105ce subkonto &#8211; <a href=\"http:\/\/www.poznan.ptsr.org.pl\/wp-content\/uploads\/2020\/05\/Porozumienie-wz\u00f3r.pdf\">Porozumienie- wz\u00f3r_pdf<\/a><\/p>\n<p>Ewidencja od 17.01.2023 r. &#8211;<a href=\"http:\/\/www.poznan.ptsr.org.pl\/wp-content\/uploads\/2023\/02\/ewidencja-FHH-2023.pdf\"> Ewidencja_przebiegu_pojazdu<\/a><\/p>\n\n\n<p>Ewidencja do 17.01.2023 r. &#8211; <a href=\"http:\/\/www.poznan.ptsr.org.pl\/wp-content\/uploads\/2023\/03\/Ewidencja_przebiegu_pojazdu_20140610.pdf\" data-type=\"URL\" data-id=\"http:\/\/www.poznan.ptsr.org.pl\/wp-content\/uploads\/2023\/03\/Ewidencja_przebiegu_pojazdu_20140610.pdf\">Ewidencja przebiegu pojazdu do 17.01.2023<\/a><\/p>\n","protected":false},"excerpt":{"rendered":"<p>Formularze potrzebne do rozliczenia przejazdu samochodem w ramach subkonta w\u00a0 Programie &#8222;Mam Szans\u0119&#8221;(PLiR) Dokument Ewidencja przebiegu pojazdu jest ju\u017c aktualna. Od 17.01.2023 r. zmieni\u0142y si\u0119 przepisy (zwi\u0119kszono stawki) &#8211; https:\/\/ksiegowosc.infor.pl\/wiadomosci\/5592537,kilometrowka-2023-wyzsze-stawki-za-1-kilometr-przebiegu-pojazdu-od-17-stycznia.html Porozumienie dotycz\u0105ce u\u017cytkowania samochodu przez osoby posiadaj\u0105ce subkonto &#8211; Porozumienie- wz\u00f3r_pdf Ewidencja od 17.01.2023 r. &#8211; Ewidencja_przebiegu_pojazdu Ewidencja do 17.01.2023 r. &#8211; Ewidencja przebiegu pojazdu [&hellip;]<\/p>\n","protected":false},"author":1,"featured_media":0,"parent":0,"menu_order":2,"comment_status":"open","ping_status":"open","template":"","meta":[],"_links":{"self":[{"href":"http:\/\/www.poznan.ptsr.org.pl\/index.php?rest_route=\/wp\/v2\/pages\/46"}],"collection":[{"href":"http:\/\/www.poznan.ptsr.org.pl\/index.php?rest_route=\/wp\/v2\/pages"}],"about":[{"href":"http:\/\/www.poznan.ptsr.org.pl\/index.php?rest_route=\/wp\/v2\/types\/page"}],"author":[{"embeddable":true,"href":"http:\/\/www.poznan.ptsr.org.pl\/index.php?rest_route=\/wp\/v2\/users\/1"}],"replies":[{"embeddable":true,"href":"http:\/\/www.poznan.ptsr.org.pl\/index.php?rest_route=%2Fwp%2Fv2%2Fcomments&post=46"}],"version-history":[{"count":22,"href":"http:\/\/www.poznan.ptsr.org.pl\/index.php?rest_route=\/wp\/v2\/pages\/46\/revisions"}],"predecessor-version":[{"id":5087,"href":"http:\/\/www.poznan.ptsr.org.pl\/index.php?rest_route=\/wp\/v2\/pages\/46\/revisions\/5087"}],"wp:attachment":[{"href":"http:\/\/www.poznan.ptsr.org.pl\/index.php?rest_route=%2Fwp%2Fv2%2Fmedia&parent=46"}],"curies":[{"name":"wp","href":"https:\/\/api.w.org\/{rel}","templated":true}]}}