{"id":362,"date":"2013-08-03T19:09:20","date_gmt":"2013-08-03T17:09:20","guid":{"rendered":"http:\/\/www.poznan.ptsr.org.pl\/?page_id=362"},"modified":"2020-02-10T20:02:49","modified_gmt":"2020-02-10T19:02:49","slug":"zrozumiec-sm","status":"publish","type":"page","link":"http:\/\/www.poznan.ptsr.org.pl\/?page_id=362","title":{"rendered":"Zrozumie\u0107 SM"},"content":{"rendered":"<p><strong>Niejednoznaczno\u015b\u0107 diagnozy<\/strong><br \/>\nPomy\u015bl przez chwil\u0119, jak zosta\u0142a postawiona diagnoza w Twoim przypadku. Czy by\u0142a to pojedyncza, nieskomplikowana, prosta czynno\u015b\u0107? Nie &#8211; by\u0142y w\u0105tpliwe i dwuznaczne, przed\u0142u\u017caj\u0105ce si\u0119 w niesko\u0144czono\u015b\u0107 odpowiedzi nim dowiedzia\u0142e\u015b si\u0119 ostatecznie, co Ci jest. To naturalne, bo trudno jest lekarzowi odnale\u017a\u0107 wystarczaj\u0105c\u0105 ilo\u015b\u0107 informacji, aby prawid\u0142owo zdiagnozowa\u0107 SM. Zmienna &#8222;natura&#8221; choroby i brak jednoznacznych medycznych test\u00f3w utrudniaj\u0105 rozstrzygni\u0119cie w spos\u00f3b jednoznaczny. Diagnoza oznajmiona przez lekarza &#8211; wyznacza charakterystyczny punkt w \u017cyciu pacjenta, punkt, od kt\u00f3rego zaczyna si\u0119 nowy rozdzia\u0142 w ich \u017cyciu. Dla niekt\u00f3rych ludzi postawienie diagnozy jest wielk\u0105 ulg\u0105 po d\u0142ugim okresie niepewno\u015bci &#8222;wreszcie wiem, co mi jest&#8221;. Dla innych diagnoza stanowi ogromny wstrz\u0105s, zaskoczenie i przera\u017cenie. Mo\u017ce to by\u0107 bardzo trudny okres w \u017cyciu wielu ludzi, kt\u00f3rzy mog\u0105 by\u0107 &#8222;wytr\u0105ceni z r\u00f3wnowagi&#8221;. Nale\u017cy pami\u0119ta\u0107, \u017ce niepok\u00f3j jest czym\u015b naturalnym i mo\u017ce pom\u00f3c przystosowa\u0107 si\u0119 \u017cycia z sm.<\/p>\n<p><strong>Nieprzewidywalne czynniki<\/strong><br \/>\nMaj\u0105 one du\u017cy wp\u0142yw na jako\u015b\u0107 \u017cycia i poczucie lub brak poczucia bezpiecze\u0144stwa. Trzeba nauczy\u0107 si\u0119, kt\u00f3ry z czynnik\u00f3w mo\u017ce pog\u0142\u0119bi\u0107 stan chorobowy a kt\u00f3ry &#8211; poprawi\u0107. Chorzy przewa\u017cnie maj\u0105 k\u0142opot z wyznaczeniem tych czynnik\u00f3w, co powoduje, \u017ce ze strachem my\u015bl\u0105 o przysz\u0142o\u015bci.Pr\u00f3buj\u0105 wielu sposob\u00f3w leczenia, nie wierz\u0105 lekarzowi. Zreszt\u0105 lekarz nie mo\u017ce mie\u0107 jednoznacznej wizji przebiegu choroby ani jej leczenia.<br \/>\nSt\u0105d ci\u0105g\u0142e pr\u00f3by specjalnych diet, terapii witaminowych do innych rozmaitych sposob\u00f3w poprawy swego stanu zdrowia. Pr\u00f3by osi\u0105gni\u0119cia kontroli nad wszystkimi nieprzewidywalnymi czynnikami s\u0105 nieod\u0142\u0105cznym elementem \u017cycia chorego na sm i zwykle s\u0105 okupione s\u0105 ogromnym wysi\u0142kiem.<\/p>\n<p><strong>Linia graniczna mo\u017cliwo\u015bci<\/strong><br \/>\nNa og\u00f3\u0142 ludzie staraj\u0105 si\u0119 uzyska\u0107 obraz przebiegu choroby &#8211; prawie niedostrzegalny z zewn\u0105trz. Mo\u017ce to by\u0107 \u017ar\u00f3d\u0142em konflikt\u00f3w, gdy wi\u0119ksze s\u0105 oczekiwania otoczenia, ni\u017c chory zdolny jest osi\u0105gn\u0105\u0107. Chorzy maj\u0105 k\u0142opot z &#8222;doci\u0105ganiem w g\u00f3r\u0119&#8221;, czuj\u0105 si\u0119 bezsilni. Dlatego &#8222;linia graniczna&#8221; pe\u0142ni tak wa\u017cn\u0105 rol\u0119.<br \/>\nNauka optymalnego &#8222;kroczenia przez \u017cycie&#8221; mo\u017ce by\u0107 samotnym emocjonalnym do\u015bwiadczeniem dla osoby z SM &#8211; bo przez zdrowych z najbli\u017cszego i dalszego otoczenia s\u0105 nie zrozumiani. Bo jest trudne do zrozumienia &#8211; jak u chorego zbyt intensywnie sp\u0119dzony dzie\u0144 mo\u017ce spowodowa\u0107 niemo\u017cno\u015b\u0107 normalnego funkcjonowania w dniu nast\u0119pnym. Dobrze jest poszuka\u0107 przyja\u017ani i wsparcia u innego chorego. Umie\u0107 i dawa\u0107 i bra\u0107. Ka\u017cdy uczy si\u0119 przez ca\u0142e \u017cycie, jak dawa\u0107 i bra\u0107. Bardzo istotnym elementem jest zaufanie w rodzinie, daj\u0105ce oparcie i pomoc w trudnych sytuacjach. Gdy pojawi si\u0119 przewlek\u0142a choroba, wywo\u0142uje ona r\u00f3\u017cne psychologiczne reakcje.<br \/>\nCzasami powoduje rozczulanie si\u0119 nad sob\u0105, ale tak\u017ce stwarza pole do nowych dokona\u0144 \u017cyciowych. Dowiadujmy si\u0119 , jakie ograniczenia nasza choroba mo\u017ce stwarza\u0107 opiekunom, by relacje nie powodowa\u0142y niepotrzebnych konflikt\u00f3w. Mo\u017ce to by\u0107 prawdziwym wyzwaniem dla osoby chorej na SM, gdy\u017c umiej\u0119tno\u015b\u0107 akceptacji niezb\u0119dnej pomocy, jakiej chory potrzebuje od innych &#8211; nie jest \u0142atwa.<\/p>\n<p><strong>Z\u0142e i dobre uczucia <\/strong><br \/>\nKa\u017cdy cz\u0142owiek rozwija w sobie sposoby dawania i przyjmowania mi\u0142o\u015bci, jak r\u00f3wnie\u017c okazywania i odbierania z\u0142o\u015bci. Niemoc spowodowana chorob\u0105 mo\u017ce wywo\u0142ywa\u0107 r\u00f3\u017cne z\u0142e uczucia. Dla przyk\u0142adu, gniew &#8211; rzadko jest skierowany przeciw chorobie, a jest zwyk\u0142\u0105 irytacj\u0105 z powodu niespe\u0142nionych nadziei. Wielu chorych przelewa irtacj\u0119 lub gniew na ma\u0142\u017conka lub innych cz\u0142onk\u00f3w rodziny. S\u0105 oni cz\u0119sto wystraszeni, niepewni reakcji najbli\u017cszych. Z drugiej strony, chory mo\u017ce zaniecha\u0107 szczero\u015bci w kontaktach np. krytykowania innych z powodu ryzyka utraty ich mi\u0142o\u015bci. Cz\u0119\u015bci\u0105 adaptacji mo\u017ce by\u0107 dla nich szczera rozmowa z pozosta\u0142ymi cz\u0142onkami rodziny. Chorzy z SM, kt\u00f3rzy nie rozmawiaj\u0105 z innymi, kt\u00f3rzy zamykaj\u0105 si\u0119 w sobie, ci\u0105gle narzekaj\u0105c, w rzeczywisto\u015bci maj\u0105 wi\u0119ksze problemy psychologiczne, ni\u017c fizyczne.<\/p>\n<p><strong>Seks<\/strong><br \/>\nFunkcjonowanie w sprawach seksu jest podstawowym problemem ludzi chorych na SM. W dzisiejszym spo\u0142ecze\u0144stwie osoby niepe\u0142nosprawne bardzo niech\u0119tnie wyrzekaj\u0105 si\u0119 seksu. Cz\u0119sto repertuar seksualny zmienia si\u0119 tak, jak zmieniaj\u0105 si\u0119 mo\u017cliwo\u015bci partner\u00f3w. R\u00f3wnie cz\u0119sto zdarza si\u0119, \u017ce chorzy s\u0105 zbyt skryci, aby rozmawia\u0107 z partnerem o problemach Podstawowym zadaniem jest w tym przypadku wyzbycie si\u0119 tych obaw i partnerskie zrozumienie. Wsp\u00f3lnie z partnerem mo\u017cna znale\u017a\u0107 wiele sposob\u00f3w realizacji intymnych kontakt\u00f3w.<\/p>\n<p><strong>\u017bycie spo\u0142eczne<\/strong><br \/>\nBardzo wa\u017cne jest jak najd\u0142u\u017csze utrzymanie zatrudnienia lub ka\u017cdego innego zaj\u0119cia. Bo nawet gdy formalne zatrudnienie nie jest mo\u017cliwe, nale\u017cy szuka\u0107 zaj\u0119\u0107 i przynale\u017cno\u015bci, kt\u00f3re pozwol\u0105 znale\u017a\u0107 sens \u017cycia, np. rozw\u00f3j umys\u0142owy, doskonalenie tego, na co dot\u0105d nie by\u0142o czasu. Nie trzeba czego\u015b wytwarza\u0107 &#8211; by znale\u017a\u0107 odpowiednie dla siebie miejsce w spo\u0142ecze\u0144stwie. Poj\u0119cia takie, jak przyja\u017a\u0144, troska o innych i zrozumienie w\u0142asnej sytuacji &#8211; mog\u0105 stanowi\u0107 podstawowy wk\u0142ad w rozw\u00f3j osobowo\u015bci i da\u0107 zadowolenie. Funkcjonowanie w spo\u0142eczno\u015bci w spos\u00f3b &#8222;normalny&#8221; mo\u017ce by\u0107 utrudnione dla osoby niepe\u0142nosprawnej, ale odkrycie odpowiedniej dla siebie drogi &#8211; sprawi wiele satysfakcji, nada sens \u017cyciu.<\/p>\n","protected":false},"excerpt":{"rendered":"<p>Niejednoznaczno\u015b\u0107 diagnozy Pomy\u015bl przez chwil\u0119, jak zosta\u0142a postawiona diagnoza w Twoim przypadku. Czy by\u0142a to pojedyncza, nieskomplikowana, prosta czynno\u015b\u0107? Nie &#8211; by\u0142y w\u0105tpliwe i dwuznaczne, przed\u0142u\u017caj\u0105ce si\u0119 w niesko\u0144czono\u015b\u0107 odpowiedzi nim dowiedzia\u0142e\u015b si\u0119 ostatecznie, co Ci jest. To naturalne, bo trudno jest lekarzowi odnale\u017a\u0107 wystarczaj\u0105c\u0105 ilo\u015b\u0107 informacji, aby prawid\u0142owo zdiagnozowa\u0107 SM. Zmienna &#8222;natura&#8221; choroby i [&hellip;]<\/p>\n","protected":false},"author":1,"featured_media":0,"parent":4,"menu_order":2,"comment_status":"closed","ping_status":"open","template":"","meta":[],"_links":{"self":[{"href":"http:\/\/www.poznan.ptsr.org.pl\/index.php?rest_route=\/wp\/v2\/pages\/362"}],"collection":[{"href":"http:\/\/www.poznan.ptsr.org.pl\/index.php?rest_route=\/wp\/v2\/pages"}],"about":[{"href":"http:\/\/www.poznan.ptsr.org.pl\/index.php?rest_route=\/wp\/v2\/types\/page"}],"author":[{"embeddable":true,"href":"http:\/\/www.poznan.ptsr.org.pl\/index.php?rest_route=\/wp\/v2\/users\/1"}],"replies":[{"embeddable":true,"href":"http:\/\/www.poznan.ptsr.org.pl\/index.php?rest_route=%2Fwp%2Fv2%2Fcomments&post=362"}],"version-history":[{"count":2,"href":"http:\/\/www.poznan.ptsr.org.pl\/index.php?rest_route=\/wp\/v2\/pages\/362\/revisions"}],"predecessor-version":[{"id":364,"href":"http:\/\/www.poznan.ptsr.org.pl\/index.php?rest_route=\/wp\/v2\/pages\/362\/revisions\/364"}],"up":[{"embeddable":true,"href":"http:\/\/www.poznan.ptsr.org.pl\/index.php?rest_route=\/wp\/v2\/pages\/4"}],"wp:attachment":[{"href":"http:\/\/www.poznan.ptsr.org.pl\/index.php?rest_route=%2Fwp%2Fv2%2Fmedia&parent=362"}],"curies":[{"name":"wp","href":"https:\/\/api.w.org\/{rel}","templated":true}]}}