{"id":35,"date":"2013-05-20T18:16:47","date_gmt":"2013-05-20T16:16:47","guid":{"rendered":"http:\/\/www.poznan.ptsr.org.pl\/?page_id=35"},"modified":"2020-02-10T19:38:00","modified_gmt":"2020-02-10T18:38:00","slug":"postacie-sm","status":"publish","type":"page","link":"http:\/\/www.poznan.ptsr.org.pl\/?page_id=35","title":{"rendered":"Postacie SM"},"content":{"rendered":"<p><strong>SM przebiega inaczej u ka\u017cdej chorej osoby. U niekt\u00f3rych charakteryzuje si\u0119 okresami pogorszenia i poprawy funkcjonowania, u innych ma form\u0119 post\u0119puj\u0105c\u0105. Zawsze jednak czyni \u017cycie utrudnionym i nieprzewidywalnym.<\/strong><\/p>\n<p><strong>SM rzutowo-remisyjne<\/strong> &#8211; najcz\u0119\u015bciej wyst\u0119puj\u0105ca posta\u0107 choroby &#8211; dotyczy ok. 60% chorych, objawy wyst\u0119puj\u0105 przez pewien czas (dni, tygodnie, miesi\u0105ce), a nast\u0119pnie stan neurologiczny ulega cz\u0119\u015bciowej lub ca\u0142kowitej poprawie. Stan pogorszenia zdrowia nazywany jest rzutem. Dochodzi do niego, kiedy kom\u00f3rki uk\u0142adu odporno\u015bciowego atakuj\u0105 os\u0142on\u0119 w\u0142\u00f3kna nerwowego w m\u00f3zgu lub rdzeniu kr\u0119gowym, tworz\u0105c tym samym stan zapalny. Kiedy stan zapalny cofa si\u0119, objawy ust\u0119puj\u0105 cz\u0119\u015bciowo (zdarza si\u0119, \u017ce pozostanie potem pewne uszkodzenie) lub ca\u0142kowicie znikaj\u0105. Okre\u015bla si\u0119 to mianem remisji. Remisje mog\u0105 trwa\u0107 zar\u00f3wno kilka miesi\u0119cy, jak i lat.<\/p>\n<p><strong>SM wt\u00f3rnie post\u0119puj\u0105ce <\/strong>&#8211; kiedy u os\u00f3b z SM rzutowo-remisyjnym wyst\u0119puje trwa\u0142e pogorszenie stanu zdrowia przez co najmniej 6 miesi\u0119cy, to bez wzgl\u0119du na to, czy w tym czasie pojawiaj\u0105 si\u0119 rzuty, m\u00f3wi si\u0119 o wt\u00f3rnie post\u0119puj\u0105cym SM. Statystycznie u ok. 65 % os\u00f3b z SM rzutowo-remisyjnym po \u015brednio 15 latach rozwija si\u0119 posta\u0107 wt\u00f3rnie post\u0119puj\u0105c\u0105.<\/p>\n<p><strong>\u0141agodna posta\u0107 SM<\/strong> &#8211; w tej odmianie po jednym lub dw\u00f3ch atakach nast\u0119puje ca\u0142kowity powr\u00f3t do zdrowia i SM nie rozwija si\u0119. Je\u017celi u osoby chorej po 10-15 latach stan zdrowia nie pogorszy\u0142 si\u0119 i ma ona minimaln\u0105 niepe\u0142nosprawno\u015b\u0107 lub jej brak, r\u00f3wnie\u017c mo\u017cna m\u00f3wi\u0107 o SM przebiegaj\u0105cym w spos\u00f3b \u0142agodny. Posta\u0107 \u0142agodna wyst\u0119puje u ok. 20% os\u00f3b chorych.<\/p>\n<p><strong>SM pierwotnie post\u0119puj\u0105ce <\/strong>&#8211; jest to forma SM dotycz\u0105ca 10-15 % os\u00f3b chorych. Osoby z pierwotnie post\u0119puj\u0105cym SM s\u0105 na og\u00f3\u0142 diagnozowane w wieku 40 lat lub p\u00f3\u017aniej. Podczas gdy w innych postaciach SM zmiany demielinizacyjne pojawiaj\u0105 si\u0119 zar\u00f3wno w m\u00f3zgu jak i w rdzeniu kr\u0119gowym, w pierwotnie post\u0119puj\u0105cym SM wi\u0119kszo\u015b\u0107 uszkodze\u0144 ma miejsce w rdzeniu kr\u0119gowym. Osoby z pierwotnie post\u0119puj\u0105cym SM nigdy nie maj\u0105 wyra\u017anych rzut\u00f3w lub remisji. Choroba rozpoczyna si\u0119 od pojawienia si\u0119 problem\u00f3w, np. z poruszeniem, kt\u00f3re si\u0119 stopniowo pog\u0142\u0119biaj\u0105.<\/p>\n","protected":false},"excerpt":{"rendered":"<p>SM przebiega inaczej u ka\u017cdej chorej osoby. U niekt\u00f3rych charakteryzuje si\u0119 okresami pogorszenia i poprawy funkcjonowania, u innych ma form\u0119 post\u0119puj\u0105c\u0105. Zawsze jednak czyni \u017cycie utrudnionym i nieprzewidywalnym. SM rzutowo-remisyjne &#8211; najcz\u0119\u015bciej wyst\u0119puj\u0105ca posta\u0107 choroby &#8211; dotyczy ok. 60% chorych, objawy wyst\u0119puj\u0105 przez pewien czas (dni, tygodnie, miesi\u0105ce), a nast\u0119pnie stan neurologiczny ulega cz\u0119\u015bciowej lub [&hellip;]<\/p>\n","protected":false},"author":1,"featured_media":0,"parent":4,"menu_order":5,"comment_status":"open","ping_status":"open","template":"","meta":[],"_links":{"self":[{"href":"http:\/\/www.poznan.ptsr.org.pl\/index.php?rest_route=\/wp\/v2\/pages\/35"}],"collection":[{"href":"http:\/\/www.poznan.ptsr.org.pl\/index.php?rest_route=\/wp\/v2\/pages"}],"about":[{"href":"http:\/\/www.poznan.ptsr.org.pl\/index.php?rest_route=\/wp\/v2\/types\/page"}],"author":[{"embeddable":true,"href":"http:\/\/www.poznan.ptsr.org.pl\/index.php?rest_route=\/wp\/v2\/users\/1"}],"replies":[{"embeddable":true,"href":"http:\/\/www.poznan.ptsr.org.pl\/index.php?rest_route=%2Fwp%2Fv2%2Fcomments&post=35"}],"version-history":[{"count":3,"href":"http:\/\/www.poznan.ptsr.org.pl\/index.php?rest_route=\/wp\/v2\/pages\/35\/revisions"}],"predecessor-version":[{"id":40,"href":"http:\/\/www.poznan.ptsr.org.pl\/index.php?rest_route=\/wp\/v2\/pages\/35\/revisions\/40"}],"up":[{"embeddable":true,"href":"http:\/\/www.poznan.ptsr.org.pl\/index.php?rest_route=\/wp\/v2\/pages\/4"}],"wp:attachment":[{"href":"http:\/\/www.poznan.ptsr.org.pl\/index.php?rest_route=%2Fwp%2Fv2%2Fmedia&parent=35"}],"curies":[{"name":"wp","href":"https:\/\/api.w.org\/{rel}","templated":true}]}}