{"id":1579,"date":"2016-05-29T10:30:56","date_gmt":"2016-05-29T08:30:56","guid":{"rendered":"http:\/\/www.poznan.ptsr.org.pl\/?page_id=1579"},"modified":"2020-02-10T19:27:35","modified_gmt":"2020-02-10T18:27:35","slug":"grupa-wsparcia-dla-osob-z-sm","status":"publish","type":"page","link":"http:\/\/www.poznan.ptsr.org.pl\/?page_id=1579","title":{"rendered":"Grupa Wsparcia"},"content":{"rendered":"<p>Zapraszamy na spotkania w swoim gronie \u017cyczliwych os\u00f3b, na kt\u00f3rych mo\u017cemy porozmawia\u0107 o naszych sprawach, podzieli\u0107 si\u0119 do\u015bwiadczeniem w radzeniu sobie ze stresem i codziennymi k\u0142opotami, a tak\u017ce pozna\u0107 swoje zasoby i mocne strony, zobaczy\u0107 jakie mamy sposoby i pomys\u0142y na satysfakcjonuj\u0105ce, szcz\u0119\u015bliwe \u017cycie.<\/p>\n<p>Termin:<br \/>\nPierwsze spotkanie:<\/p>\n<p>Miejsce:<\/p>\n<p>Prowadz\u0105ca:\u00a0\u00a0\u00a0\u00a0\u00a0\u00a0\u00a0\u00a0\u00a0\u00a0\u00a0 <strong>Beata Jaw\u0142owska<\/strong>, psycholog z w\u0142asnym do\u015bwiadczeniem SM<\/p>\n<p>Kontakt:\u00a0\u00a0\u00a0\u00a0\u00a0\u00a0\u00a0\u00a0\u00a0\u00a0\u00a0 504 342 758<\/p>\n","protected":false},"excerpt":{"rendered":"<p>Zapraszamy na spotkania w swoim gronie \u017cyczliwych os\u00f3b, na kt\u00f3rych mo\u017cemy porozmawia\u0107 o naszych sprawach, podzieli\u0107 si\u0119 do\u015bwiadczeniem w radzeniu sobie ze stresem i codziennymi k\u0142opotami, a tak\u017ce pozna\u0107 swoje zasoby i mocne strony, zobaczy\u0107 jakie mamy sposoby i pomys\u0142y na satysfakcjonuj\u0105ce, szcz\u0119\u015bliwe \u017cycie. Termin: Pierwsze spotkanie: Miejsce: Prowadz\u0105ca:\u00a0\u00a0\u00a0\u00a0\u00a0\u00a0\u00a0\u00a0\u00a0\u00a0\u00a0 Beata Jaw\u0142owska, psycholog z w\u0142asnym do\u015bwiadczeniem [&hellip;]<\/p>\n","protected":false},"author":1,"featured_media":0,"parent":7,"menu_order":0,"comment_status":"closed","ping_status":"closed","template":"","meta":[],"_links":{"self":[{"href":"http:\/\/www.poznan.ptsr.org.pl\/index.php?rest_route=\/wp\/v2\/pages\/1579"}],"collection":[{"href":"http:\/\/www.poznan.ptsr.org.pl\/index.php?rest_route=\/wp\/v2\/pages"}],"about":[{"href":"http:\/\/www.poznan.ptsr.org.pl\/index.php?rest_route=\/wp\/v2\/types\/page"}],"author":[{"embeddable":true,"href":"http:\/\/www.poznan.ptsr.org.pl\/index.php?rest_route=\/wp\/v2\/users\/1"}],"replies":[{"embeddable":true,"href":"http:\/\/www.poznan.ptsr.org.pl\/index.php?rest_route=%2Fwp%2Fv2%2Fcomments&post=1579"}],"version-history":[{"count":3,"href":"http:\/\/www.poznan.ptsr.org.pl\/index.php?rest_route=\/wp\/v2\/pages\/1579\/revisions"}],"predecessor-version":[{"id":3184,"href":"http:\/\/www.poznan.ptsr.org.pl\/index.php?rest_route=\/wp\/v2\/pages\/1579\/revisions\/3184"}],"up":[{"embeddable":true,"href":"http:\/\/www.poznan.ptsr.org.pl\/index.php?rest_route=\/wp\/v2\/pages\/7"}],"wp:attachment":[{"href":"http:\/\/www.poznan.ptsr.org.pl\/index.php?rest_route=%2Fwp%2Fv2%2Fmedia&parent=1579"}],"curies":[{"name":"wp","href":"https:\/\/api.w.org\/{rel}","templated":true}]}}