{"id":10,"date":"2013-05-20T17:53:23","date_gmt":"2013-05-20T15:53:23","guid":{"rendered":"http:\/\/www.poznan.ptsr.org.pl\/?page_id=10"},"modified":"2025-08-08T12:31:51","modified_gmt":"2025-08-08T10:31:51","slug":"kontakt","status":"publish","type":"page","link":"http:\/\/www.poznan.ptsr.org.pl\/?page_id=10","title":{"rendered":"Kontakt"},"content":{"rendered":"\n<p class=\"has-text-align-center\">Polskie Towarzystwo Stwardnienia Rozsianego Oddzia\u0142 Wielkopolska <\/p>\n\n\n\n<p class=\"has-text-align-center\">ul. \u015aw. Marcin 34a<\/p>\n\n\n\n<p class=\"has-text-align-center\">61-805 Pozna\u0144<\/p>\n\n\n\n<p class=\"has-text-align-center\">NIP: 7781405013<\/p>\n\n\n\n<p class=\"has-text-align-center\">tel. 61 881 97 35<\/p>\n\n\n\n<p class=\"has-text-align-center\"><\/p>\n\n\n\n<p class=\"has-text-align-center\"><strong>Biuro czynne:<\/strong><\/p>\n\n\n\n<p class=\"has-text-align-center\">Poniedzia\u0142ek  godz. 08:00 &#8211; 16:00,<\/p>\n\n\n\n<p class=\"has-text-align-center\">Wtorek &#8211; Pi\u0105tek  godz. 07:00 &#8211; 15:00.<\/p>\n\n\n\n<p class=\"has-text-align-center\"><\/p>\n\n\n\n<p>Wszystkie uwagi dotycz\u0105ce godzin funkcjonowania biura <br>bardzo prosz\u0119 zg\u0142asza\u0107 pod numerem 61 881 97 35.<\/p>\n\n\n\n<p class=\"has-text-align-center\">adres e-mail:<br><strong>poznan@ptsr.org.pl<\/strong><\/p>\n","protected":false},"excerpt":{"rendered":"<p>Polskie Towarzystwo Stwardnienia Rozsianego Oddzia\u0142 Wielkopolska ul. \u015aw. Marcin 34a 61-805 Pozna\u0144 NIP: 7781405013 tel. 61 881 97 35 Biuro czynne: Poniedzia\u0142ek godz. 08:00 &#8211; 16:00, Wtorek &#8211; Pi\u0105tek godz. 07:00 &#8211; 15:00. Wszystkie uwagi dotycz\u0105ce godzin funkcjonowania biura bardzo prosz\u0119 zg\u0142asza\u0107 pod numerem 61 881 97 35. adres e-mail:poznan@ptsr.org.pl<\/p>\n","protected":false},"author":1,"featured_media":0,"parent":0,"menu_order":8,"comment_status":"closed","ping_status":"open","template":"","meta":[],"_links":{"self":[{"href":"http:\/\/www.poznan.ptsr.org.pl\/index.php?rest_route=\/wp\/v2\/pages\/10"}],"collection":[{"href":"http:\/\/www.poznan.ptsr.org.pl\/index.php?rest_route=\/wp\/v2\/pages"}],"about":[{"href":"http:\/\/www.poznan.ptsr.org.pl\/index.php?rest_route=\/wp\/v2\/types\/page"}],"author":[{"embeddable":true,"href":"http:\/\/www.poznan.ptsr.org.pl\/index.php?rest_route=\/wp\/v2\/users\/1"}],"replies":[{"embeddable":true,"href":"http:\/\/www.poznan.ptsr.org.pl\/index.php?rest_route=%2Fwp%2Fv2%2Fcomments&post=10"}],"version-history":[{"count":26,"href":"http:\/\/www.poznan.ptsr.org.pl\/index.php?rest_route=\/wp\/v2\/pages\/10\/revisions"}],"predecessor-version":[{"id":5159,"href":"http:\/\/www.poznan.ptsr.org.pl\/index.php?rest_route=\/wp\/v2\/pages\/10\/revisions\/5159"}],"wp:attachment":[{"href":"http:\/\/www.poznan.ptsr.org.pl\/index.php?rest_route=%2Fwp%2Fv2%2Fmedia&parent=10"}],"curies":[{"name":"wp","href":"https:\/\/api.w.org\/{rel}","templated":true}]}}